{"id":634,"date":"2018-09-11T07:10:18","date_gmt":"2018-09-11T07:10:18","guid":{"rendered":"http:\/\/setsail.select-themes.com\/?page_id=634"},"modified":"2018-09-11T07:10:18","modified_gmt":"2018-09-11T07:10:18","slug":"contact-us","status":"publish","type":"page","link":"http:\/\/sempre.visions4web.com\/de\/contact-us\/","title":{"rendered":"Kontakt"},"content":{"rendered":"<div class=\"wpb-content-wrapper\"><p>[vc_row][vc_column]<div class=\"qodef-google-map-holder\">\n\t\t<div class=\"qodef-google-map\" id=\"qodef-map-1263487\" data-addresses='[\"7 Al Fondok, Qesm Hurghada\"]' data-custom-map-style=no data-color-overlay=#393939 data-saturation=-100 data-lightness=-60 data-zoom=15 data-pin=http:\/\/sempre.visions4web.com\/de\/wp-content\/uploads\/sites\/3\/2018\/09\/pin-img.png data-unique-id=1263487 data-scroll-wheel=no data-height=520px ><\/div>\n\t\t\t\t<div class=\"qodef-google-map-overlay\"><\/div>\n\t<\/div>[\/vc_column][\/vc_row][vc_row equal_height=&#8220;yes&#8220; content_placement=&#8220;top&#8220; row_content_width=&#8220;grid&#8220; css=&#8220;.vc_custom_1539262241025{padding-top: 94px !important;padding-bottom: 73px !important;}&#8220;][vc_column offset=&#8220;vc_col-lg-offset-0 vc_col-lg-6 vc_col-md-offset-0 vc_col-md-12 vc_col-sm-offset-0 vc_col-xs-12&#8243;]<div class=\"qodef-elements-holder   qodef-two-columns  qodef-responsive-mode-768 \" ><div class=\"qodef-eh-item  qodef-vertical-alignment-top  \"  data-item-class=\"qodef-eh-custom-3394\" data-1367-1600=\"7px 0px\" data-1025-1366=\"7px 0px\">\n\t<div class=\"qodef-eh-item-inner\">\n\t\t<div class=\"qodef-eh-item-content qodef-eh-custom-3394\" style=\"padding: 2px 0px\">\n\t\t\t<div class=\"qodef-section-title-holder \" >\n\t<div class=\"qodef-st-inner\">\n\t\t\t\t\t\t\t<h2 class=\"qodef-st-title\" >\n\t\t\t\tKontaktieren Sie uns jetzt\t\t\t<\/h2>\n\t\t\t\t\t\t\t<p class=\"qodef-st-text\" style=\"font-size: 17px;line-height: 28px;margin-top: 15px\">\n\t\t\t\tZ\u00f6gern Sie nicht, wenn Sie noch weitere Informationen ben\u00f6tigen.\t\t\t<\/p>\n\t\t\t<\/div>\n<\/div>[vc_empty_space height=&#8220;12px&#8220;][vc_column_text]Sie k\u00f6nnen uns kontaktieren indem Sie das Kontaktformular unten ausf\u00fcllen. Wir Antworten Ihnen so schnell als m\u00f6glich.<\/p>\n<p>Oder nutzen eine der nachfolgenden M\u00f6glichkeiten um mit uns in Verbindung zu treten:[\/vc_column_text][vc_empty_space height=&#8220;12px&#8220;]<div class=\"qodef-iwt clearfix  qodef-iwt-icon-left qodef-iwt-icon-small\">\n\t<div class=\"qodef-iwt-icon\">\n\t\t\t\t\t\t\t\t\t    <span class=\"qodef-icon-shortcode qodef-normal   qodef-icon-small\"  >\n                    <i class=\"qodef-icon-font-awesome fab fa-whatsapp qodef-icon-element\" style=\"\" ><\/i>            <\/span>\n\t\t\t\t\t\t<\/div>\n\t<div class=\"qodef-iwt-content\" style=\"padding-left: 15px\">\n\t\t\t\t\t\t\t<p class=\"qodef-iwt-text\" >+20 115 444 1362<\/p>\n\t\t\t<\/div>\n<\/div>[vc_empty_space height=&#8220;10px&#8220;]<div class=\"qodef-iwt clearfix  qodef-iwt-icon-left qodef-iwt-icon-small\">\n\t<div class=\"qodef-iwt-icon\">\n\t\t\t\t\t<a itemprop=\"url\" href=\"mailto:info@sempretravelegypt.com\" target=\"_self\">\n\t\t\t\t\t\t\t\t\t    <span class=\"qodef-icon-shortcode qodef-normal   qodef-icon-small\"  >\n                    <i class=\"qodef-icon-font-awesome fa fa-at qodef-icon-element\" style=\"\" ><\/i>            <\/span>\n\t\t\t\t\t\t\t\t<\/a>\n\t\t\t<\/div>\n\t<div class=\"qodef-iwt-content\" >\n\t\t\t\t\t\t\t<p class=\"qodef-iwt-text\" >info@sempretravelegypt.com<\/p>\n\t\t\t<\/div>\n<\/div>[vc_empty_space height=&#8220;10px&#8220;]<div class=\"qodef-iwt clearfix  qodef-iwt-icon-left qodef-iwt-icon-small\">\n\t<div class=\"qodef-iwt-icon\">\n\t\t\t\t\t<a itemprop=\"url\" href=\"https:\/\/www.google.rs\/maps\/place\/2711&#039;53.0N+3349&#039;33.9E\/@27.1980538,33.8238963,17z\/data=!4m5!3m4!1s0x0:0x0!8m2!3d27.1980556!4d33.8260833\" target=\"_self\">\n\t\t\t\t\t\t\t\t\t    <span class=\"qodef-icon-shortcode qodef-normal   qodef-icon-small\"  >\n                    <i class=\"qodef-icon-font-awesome fa fa-envelope qodef-icon-element\" style=\"\" ><\/i>            <\/span>\n\t\t\t\t\t\t\t\t<\/a>\n\t\t\t<\/div>\n\t<div class=\"qodef-iwt-content\" >\n\t\t\t\t\t\t\t<p class=\"qodef-iwt-text\" >El Mohamdi Hwadeq str. 6, Hurghada-Red Sea-Egypt<\/p>\n\t\t\t<\/div>\n<\/div>\t\t<\/div>\n\t<\/div>\n<\/div><\/div>[\/vc_column][vc_column offset=&#8220;vc_col-lg-offset-0 vc_col-lg-6 vc_col-md-offset-0 vc_col-md-12 vc_col-sm-offset-0 vc_col-xs-12&#8243;]<div class=\"qodef-elements-holder   qodef-one-column  qodef-responsive-mode-768 \" ><div class=\"qodef-eh-item  qodef-vertical-alignment-top qodef-horizontal-alignment-right \"  data-item-class=\"qodef-eh-custom-1715\" data-1367-1600=\"23px 0px 0px 80px\" data-1025-1366=\"21px 0px 0px 80px\" data-769-1024=\"80px 0px 0px 0px\" data-681-768=\"80px 0px 0px 0px\" data-680=\"80px 0px 0px 0px\">\n\t<div class=\"qodef-eh-item-inner\">\n\t\t<div class=\"qodef-eh-item-content qodef-eh-custom-1715\" style=\"padding: 16px 0px 0px 80px\">\n\t\t\t[vc_single_image image=&#8220;5446&#8243; img_size=&#8220;full&#8220;]\t\t<\/div>\n\t<\/div>\n<\/div><\/div>[\/vc_column][\/vc_row][vc_row row_content_width=&#8220;grid&#8220; css=&#8220;.vc_custom_1536660631523{padding-bottom: 130px !important;}&#8220;][vc_column css=&#8220;.vc_custom_1536660598404{padding-top: 18px !important;padding-right: 37px !important;padding-bottom: 53px !important;padding-left: 37px !important;background-color: #3fd0d4 !important;}&#8220;][vc_column_text]<\/p>\n<h3><span style=\"color: #ffffff\">Schreiben Sie uns<\/span><\/h3>\n<p>[\/vc_column_text][vc_empty_space height=&#8220;21px&#8220;]<div role=\"form\" class=\"wpcf7\" id=\"wpcf7-f6-o1\" lang=\"en-US\" dir=\"ltr\">\n<div class=\"screen-reader-response\"><\/div>\n<form action=\"\/de\/wp-json\/wp\/v2\/pages\/634#wpcf7-f6-o1\" method=\"post\" class=\"wpcf7-form cf7_custom_style_1\" novalidate=\"novalidate\">\n<div style=\"display: none;\">\n<input type=\"hidden\" name=\"_wpcf7\" value=\"6\" \/>\n<input type=\"hidden\" name=\"_wpcf7_version\" value=\"5.1.1\" \/>\n<input type=\"hidden\" name=\"_wpcf7_locale\" value=\"en_US\" \/>\n<input type=\"hidden\" name=\"_wpcf7_unit_tag\" value=\"wpcf7-f6-o1\" \/>\n<input type=\"hidden\" name=\"_wpcf7_container_post\" value=\"0\" \/>\n<input type=\"hidden\" name=\"g-recaptcha-response\" value=\"\" \/>\n<\/div>\n<p><label> Ihr Name (erforderlich)<br \/>\n    <span class=\"wpcf7-form-control-wrap your-name\"><input type=\"text\" name=\"your-name\" value=\"\" size=\"40\" class=\"wpcf7-form-control wpcf7-text wpcf7-validates-as-required\" aria-required=\"true\" aria-invalid=\"false\" \/><\/span> <\/label><\/p>\n<p><label> Ihre Email (erforderlich)<br \/>\n    <span class=\"wpcf7-form-control-wrap your-email\"><input type=\"email\" name=\"your-email\" value=\"\" size=\"40\" class=\"wpcf7-form-control wpcf7-text wpcf7-email wpcf7-validates-as-required wpcf7-validates-as-email\" aria-required=\"true\" aria-invalid=\"false\" \/><\/span> <\/label><\/p>\n<p><label> Betreff<br \/>\n    <span class=\"wpcf7-form-control-wrap your-subject\"><input type=\"text\" name=\"your-subject\" value=\"\" size=\"40\" class=\"wpcf7-form-control wpcf7-text\" aria-invalid=\"false\" \/><\/span> <\/label><\/p>\n<p><label> Ihre Nachricht<br \/>\n    <span class=\"wpcf7-form-control-wrap your-message\"><textarea name=\"your-message\" cols=\"40\" rows=\"10\" class=\"wpcf7-form-control wpcf7-textarea\" aria-invalid=\"false\"><\/textarea><\/span> <\/label><\/p>\n<p><input type=\"submit\" value=\"Absenden\" class=\"wpcf7-form-control wpcf7-submit\" \/><\/p>\n<div class=\"wpcf7-response-output wpcf7-display-none\"><\/div><\/form><\/div>[\/vc_column][\/vc_row]<\/p>\n<\/div>","protected":false},"excerpt":{"rendered":"<p>[vc_row][vc_column][\/vc_column][\/vc_row][vc_row equal_height=&#8220;yes&#8220; content_placement=&#8220;top&#8220; row_content_width=&#8220;grid&#8220; css=&#8220;.vc_custom_1539262241025{padding-top: 94px !important;padding-bottom: 73px !important;}&#8220;][vc_column offset=&#8220;vc_col-lg-offset-0 vc_col-lg-6 vc_col-md-offset-0 vc_col-md-12 vc_col-sm-offset-0 vc_col-xs-12&#8243;][\/vc_column][vc_column offset=&#8220;vc_col-lg-offset-0 vc_col-lg-6 vc_col-md-offset-0 vc_col-md-12 vc_col-sm-offset-0 vc_col-xs-12&#8243;][\/vc_column][\/vc_row][vc_row row_content_width=&#8220;grid&#8220; css=&#8220;.vc_custom_1536660631523{padding-bottom: 130px !important;}&#8220;][vc_column css=&#8220;.vc_custom_1536660598404{padding-top: 18px !important;padding-right: 37px !important;padding-bottom: 53px !important;padding-left: 37px !important;background-color: #3fd0d4 !important;}&#8220;][vc_column_text] Schreiben Sie uns [\/vc_column_text][vc_empty_space [&hellip;]<\/p>\n","protected":false},"author":1,"featured_media":0,"parent":0,"menu_order":0,"comment_status":"closed","ping_status":"closed","template":"full-width.php","meta":{"footnotes":""},"class_list":["post-634","page","type-page","status-publish","hentry"],"_links":{"self":[{"href":"http:\/\/sempre.visions4web.com\/de\/wp-json\/wp\/v2\/pages\/634","targetHints":{"allow":["GET"]}}],"collection":[{"href":"http:\/\/sempre.visions4web.com\/de\/wp-json\/wp\/v2\/pages"}],"about":[{"href":"http:\/\/sempre.visions4web.com\/de\/wp-json\/wp\/v2\/types\/page"}],"author":[{"embeddable":true,"href":"http:\/\/sempre.visions4web.com\/de\/wp-json\/wp\/v2\/users\/1"}],"replies":[{"embeddable":true,"href":"http:\/\/sempre.visions4web.com\/de\/wp-json\/wp\/v2\/comments?post=634"}],"version-history":[{"count":0,"href":"http:\/\/sempre.visions4web.com\/de\/wp-json\/wp\/v2\/pages\/634\/revisions"}],"wp:attachment":[{"href":"http:\/\/sempre.visions4web.com\/de\/wp-json\/wp\/v2\/media?parent=634"}],"curies":[{"name":"wp","href":"https:\/\/api.w.org\/{rel}","templated":true}]}}