{"id":469,"date":"2018-09-10T09:00:47","date_gmt":"2018-09-10T09:00:47","guid":{"rendered":"http:\/\/setsail.select-themes.com\/?page_id=469"},"modified":"2018-09-10T09:00:47","modified_gmt":"2018-09-10T09:00:47","slug":"about-us","status":"publish","type":"page","link":"http:\/\/sempre.visions4web.com\/de\/about-us\/","title":{"rendered":"\u00dcber uns"},"content":{"rendered":"<div class=\"wpb-content-wrapper\"><p>[vc_row content_placement=&#8220;top&#8220; row_content_width=&#8220;grid&#8220;][vc_column offset=&#8220;vc_col-lg-offset-0 vc_col-lg-7 vc_col-md-offset-0 vc_col-md-10 vc_col-sm-offset-0&#8243;]<div class=\"qodef-elements-holder   qodef-one-column  qodef-responsive-mode-768 \" ><div class=\"qodef-eh-item    \"  data-item-class=\"qodef-eh-custom-9899\" data-1367-1600=\"155px 0px 70px 25px\" data-1025-1366=\"155px 0px 70px 25px\" data-769-1024=\"155px 0px 40px 20px\" data-681-768=\"155px 0px 40px 15px\" data-680=\"161px 0px 40px 15px\">\n\t<div class=\"qodef-eh-item-inner\">\n\t\t<div class=\"qodef-eh-item-content qodef-eh-custom-9899\" style=\"padding: 155px 0 70px 0\">\n\t\t\t<div class=\"qodef-section-title-holder \" >\n\t<div class=\"qodef-st-inner\">\n\t\t\t\t\t\t\t<h2 class=\"qodef-st-title\" >\n\t\t\t\tMehr als nur Touren\t\t\t<\/h2>\n\t\t\t\t\t\t\t<p class=\"qodef-st-text\" style=\"font-size: 17px;line-height: 28px;margin-top: 15px\">\n\t\t\t\tSempre Travel Egypt bietet Ihnen die sch\u00f6nsten Orte in \u00c4gypten, die Sie entdecken k\u00f6nnen.\t\t\t<\/p>\n\t\t\t<\/div>\n<\/div>[vc_empty_space height=&#8220;13px&#8220;][vc_column_text]Sempre Travel wurde 2014 gegr\u00fcndet und ist ein f\u00fchrendes Touristik-Unternehmen in \u00c4gypten. Sie erhalten massgeschneiderte Ausfl\u00fcge und Touren gem\u00e4\u00df Ihren Interessen und Ihrem Budget innerhalb \u00c4gyptens. Unsere Hauptorte sind Hurghada und Marsa Alam, sowie El Gouna, von wo aus Sie Ihr Abenteuer \u00c4gypten buchen k\u00f6nnen. Wir tun Alles und geben immer unser Bestes, um Ihnen einen bleibenden Eindruck von den Sch\u00f6nheiten und Geheimnissen unseres Landes zu geben. Entdecken Sie auf entspannte Art die Kultur und Geschichte vom Land der Pharaonen.[\/vc_column_text][vc_empty_space height=&#8220;10px&#8220;]\t\t<\/div>\n\t<\/div>\n<\/div><\/div>[\/vc_column][vc_column offset=&#8220;vc_col-lg-offset-0 vc_col-lg-5 vc_col-md-offset-0 vc_col-md-10 vc_col-sm-offset-0 vc_col-xs-12&#8243;]<div class=\"qodef-elements-holder   qodef-one-column  qodef-responsive-mode-768 \" ><div class=\"qodef-eh-item    \"  data-item-class=\"qodef-eh-custom-7664\" data-1367-1600=\"125px 0px 0 104px\" data-1025-1366=\"125px 0px 0 23px\" data-769-1024=\"0px 0px 70px 0px\" data-681-768=\"0px 0px 70px 0px\" data-680=\"0px 0px 70px 0px\">\n\t<div class=\"qodef-eh-item-inner\">\n\t\t<div class=\"qodef-eh-item-content qodef-eh-custom-7664\" style=\"padding: 125px 0px 0 40px\">\n\t\t\t[vc_single_image image=&#8220;5518&#8243; img_size=&#8220;full&#8220;]\t\t<\/div>\n\t<\/div>\n<\/div><\/div>[\/vc_column][\/vc_row][vc_row content_placement=&#8220;top&#8220; row_content_width=&#8220;grid&#8220;][vc_column offset=&#8220;vc_col-lg-offset-0 vc_col-lg-5 vc_col-md-offset-0 vc_col-md-10 vc_col-sm-offset-0&#8243;]<div class=\"qodef-elements-holder   qodef-one-column  qodef-responsive-mode-768 \" ><div class=\"qodef-eh-item    \"  data-item-class=\"qodef-eh-custom-1520\" data-1367-1600=\"50px 0px 0px 104px\" data-1025-1366=\"05px 0px 0px 23px\" data-769-1024=\"0px 0px 170px 0px\" data-681-768=\"0px 0px 170px 0px\" data-680=\"0px 0px 170px 0px\">\n\t<div class=\"qodef-eh-item-inner\">\n\t\t<div class=\"qodef-eh-item-content qodef-eh-custom-1520\" style=\"padding: 55px 0px 0 40px\">\n\t\t\t[vc_single_image image=&#8220;5311&#8243; img_size=&#8220;full&#8220;]\t\t<\/div>\n\t<\/div>\n<\/div><\/div>[\/vc_column][vc_column offset=&#8220;vc_col-lg-offset-0 vc_col-lg-7 vc_col-md-offset-0 vc_col-md-10 vc_col-sm-offset-0 vc_col-xs-12&#8243;]<div class=\"qodef-elements-holder   qodef-one-column  qodef-responsive-mode-768 \" ><div class=\"qodef-eh-item    \"  data-item-class=\"qodef-eh-custom-5600\" data-1367-1600=\"55px 0px 170px\" data-1025-1366=\"55px 0px 170px\" data-769-1024=\"55px 0px 80px\" data-681-768=\"55px 0px 80px\" data-680=\"50px 0px 80px\">\n\t<div class=\"qodef-eh-item-inner\">\n\t\t<div class=\"qodef-eh-item-content qodef-eh-custom-5600\" style=\"padding: 55px 0 170px 0\">\n\t\t\t<div class=\"qodef-section-title-holder \" >\n\t<div class=\"qodef-st-inner\">\n\t\t\t\t\t\t\t<h2 class=\"qodef-st-title\" >\n\t\t\t\tMehr als nur Transfer\t\t\t<\/h2>\n\t\t\t\t\t\t\t<p class=\"qodef-st-text\" style=\"font-size: 17px;line-height: 28px;margin-top: 15px\">\n\t\t\t\tSempre Travel Egypt bietet Ihnen einen zuverl\u00e4ssigen Transfer von und zum Flughafen an.\t\t\t<\/p>\n\t\t\t<\/div>\n<\/div>[vc_empty_space height=&#8220;13px&#8220;][vc_column_text]Sempre Travel Egypt ist f\u00fchrend im Personentransport in ganz \u00c4gypten. Wir sind mehr, als nur Flughafen-Transfer. Unsere sympathischen, stets zuvorkommenden, freundlichen und gut geschulten Fahrer bringen Sie immer sicher und p\u00fcnktlich zu Ihrem Ziel. Starten Sie Ihren Urlaub von der ersten Minute an stressfrei. Sie geniessen die ersten Eindr\u00fccke und wir \u00fcbernehmen den Rest. Entscheiden Sie sich f\u00fcr die schnellste Art zu Reisen und dank unserer Preise das beste Preis-\/Leistungsverh\u00e4ltnis in ganz \u00c4gypten. Vorrangig bieten wir unseren Transfer-Service ab den Flugh\u00e4fen Hurghada und Marsa Alam an und fahren Sie zu jedem von Ihnen gew\u00fcnschtem Ziel bis vor die Haust\u00fcr.[\/vc_column_text][vc_empty_space height=&#8220;12px&#8220;]\t\t<\/div>\n\t<\/div>\n<\/div><\/div>[\/vc_column][\/vc_row][vc_row css=&#8220;.vc_custom_1552148605794{margin-bottom: 40px !important;}&#8220;][vc_column css=&#8220;.vc_custom_1552148563959{margin-bottom: 20px !important;}&#8220;]<div class=\"qodef-section-title-holder \" style=\"text-align: center\">\n\t<div class=\"qodef-st-inner\">\n\t\t\t\t\t<span class=\"qodef-st-tagline\" >\n\t\t\t\tVon Ihnen gew\u00e4hlt\t\t\t<\/span>\n\t\t\t\t\t\t\t<h2 class=\"qodef-st-title\" >\n\t\t\t\tUnsere beliebtesten Touren\t\t\t<\/h2>\n\t\t\t\t\t<\/div>\n<\/div>[vc_row_inner][vc_column_inner width=&#8220;1\/6&#8243;][\/vc_column_inner][vc_column_inner width=&#8220;2\/3&#8243;]<div class=\"qodef-tours-list-holder qodef-tours-row qodef-normal-space  qodef-info-skin-light qodef-tours-columns-4 qodef-tours-type-masonry\">\n\t\t\t\t\t\t<div class=\"qodef-tours-list-pagination-data\">\n\t\t\t\t<input type=\"hidden\" name=\"number\" value=\"4\">\n\t\t\t\t<input type=\"hidden\" name=\"order_by\" value=\"menu_order\">\n\t\t\t\t<input type=\"hidden\" name=\"order\" value=\"ASC\">\n\t\t\t\t<input type=\"hidden\" name=\"tour_category\" value=\"\">\n\t\t\t\t<input type=\"hidden\" name=\"destination\" value=\"\">\n\t\t\t\t<input type=\"hidden\" name=\"thumb_size\" value=\"full\">\n\t\t\t\t<input type=\"hidden\" name=\"next_page\" value=\"2\">\n\t\t\t\t<input type=\"hidden\" name=\"tour_type\" value=\"masonry\">\n\t\t\t\t<input type=\"hidden\" name=\"image_size\" value=\"full\">\n\t\t\t\t<input type=\"hidden\" name=\"title_tag\" value=\"h4\">\n\t\t\t\t<input type=\"hidden\" name=\"text_length\" value=\"\">\n\t\t\t<\/div>\n\t\t\n\t\t\n        <div class=\"qodef-tours-list-holder-inner qodef-tours-row-inner-holder qodef-outer-space\">\n\t\t\t<div class=\"qodef-tours-list-grid-sizer\"><\/div>\n\t\t\t\t\t<div class=\"qodef-tours-masonry-item qodef-tours-row-item qodef-item-space qodef-tour-item-no-rating qodef-size-default post-5589 tour-item type-tour-item status-publish has-post-thumbnail hentry tour-category-hurghada-touren tour-category-luxor-touren tour-attribute-eintritt-tickets tour-attribute-lunch tour-attribute-personal-guide\">\n    <div class=\"qodef-tours-gim-holder-inner\">\n\t            <div class=\"qodef-tours-gim-image\">\n            <img loading=\"lazy\" decoding=\"async\" width=\"650\" height=\"650\" src=\"http:\/\/sempre.visions4web.com\/de\/wp-content\/uploads\/sites\/3\/2019\/02\/Luxor-650x650.jpg\" class=\"attachment-setsail_select_image_square size-setsail_select_image_square\" alt=\"\" srcset=\"http:\/\/sempre.visions4web.com\/de\/wp-content\/uploads\/sites\/3\/2019\/02\/Luxor-650x650.jpg 650w, http:\/\/sempre.visions4web.com\/de\/wp-content\/uploads\/sites\/3\/2019\/02\/Luxor-150x150.jpg 150w\" sizes=\"auto, (max-width: 650px) 100vw, 650px\" \/>        <\/div>\n        <div class=\"qodef-tours-gim-content-holder\">\n            <div class=\"qodef-tours-gim-content-outer\">\n                <div class=\"qodef-tours-gim-content-inner\">\n                    <div class=\"qodef-gim-title-and-price-holder\">\n                        <h4 class=\"qodef-tour-title\">\n                            Luxor 1 Tag                        <\/h4>\n\t                     \n\t\t<span class=\"qodef-tours-price-holder\">\n\t\t\t\t\t\t\t<span class=\"qodef-tours-item-price \">55\u20ac<\/span>\n\t\t\t\t\t\t\t\t<\/span>\n\n\t\t                    <\/div>\n\t\t                            <\/div>\n            <\/div>\n        <\/div>\n        <a class=\"qodef-tours-masonry-item-link\" href=\"http:\/\/sempre.visions4web.com\/de\/tour-item\/luxor-1-tag\/\"><\/a>\n    <\/div>\n<\/div>\t\t<div class=\"qodef-tours-masonry-item qodef-tours-row-item qodef-item-space qodef-tour-item-no-rating qodef-size-default post-5660 tour-item type-tour-item status-publish has-post-thumbnail hentry tour-category-boattrip tour-category-hurghada-touren tour-category-popular tour-attribute-lunch\">\n    <div class=\"qodef-tours-gim-holder-inner\">\n\t            <div class=\"qodef-tours-gim-image\">\n            <img loading=\"lazy\" decoding=\"async\" width=\"650\" height=\"650\" src=\"http:\/\/sempre.visions4web.com\/de\/wp-content\/uploads\/sites\/3\/2019\/03\/sea_spi-650x650.jpg\" class=\"attachment-setsail_select_image_square size-setsail_select_image_square\" alt=\"\" srcset=\"http:\/\/sempre.visions4web.com\/de\/wp-content\/uploads\/sites\/3\/2019\/03\/sea_spi-650x650.jpg 650w, http:\/\/sempre.visions4web.com\/de\/wp-content\/uploads\/sites\/3\/2019\/03\/sea_spi-150x150.jpg 150w\" sizes=\"auto, (max-width: 650px) 100vw, 650px\" \/>        <\/div>\n        <div class=\"qodef-tours-gim-content-holder\">\n            <div class=\"qodef-tours-gim-content-outer\">\n                <div class=\"qodef-tours-gim-content-inner\">\n                    <div class=\"qodef-gim-title-and-price-holder\">\n                        <h4 class=\"qodef-tour-title\">\n                            Mahmya Island                        <\/h4>\n\t                     \n\t\t<span class=\"qodef-tours-price-holder\">\n\t\t\t\t\t\t\t<span class=\"qodef-tours-item-price \">60\u20ac<\/span>\n\t\t\t\t\t\t\t\t<\/span>\n\n\t\t                    <\/div>\n\t\t                            <\/div>\n            <\/div>\n        <\/div>\n        <a class=\"qodef-tours-masonry-item-link\" href=\"http:\/\/sempre.visions4web.com\/de\/tour-item\/mahmya-island\/\"><\/a>\n    <\/div>\n<\/div>\t\t<div class=\"qodef-tours-masonry-item qodef-tours-row-item qodef-item-space qodef-tour-item-no-rating qodef-size-default post-5667 tour-item type-tour-item status-publish has-post-thumbnail hentry tour-category-hurghada-touren tour-category-kario-touren tour-category-popular tour-attribute-free-drink tour-attribute-klimatisiert tour-attribute-lunch tour-attribute-personal-guide\">\n    <div class=\"qodef-tours-gim-holder-inner\">\n\t            <div class=\"qodef-tours-gim-image\">\n            <img loading=\"lazy\" decoding=\"async\" width=\"650\" height=\"650\" src=\"http:\/\/sempre.visions4web.com\/de\/wp-content\/uploads\/sites\/3\/2019\/03\/J98B4448-1-650x650.jpg\" class=\"attachment-setsail_select_image_square size-setsail_select_image_square\" alt=\"\" srcset=\"http:\/\/sempre.visions4web.com\/de\/wp-content\/uploads\/sites\/3\/2019\/03\/J98B4448-1-650x650.jpg 650w, http:\/\/sempre.visions4web.com\/de\/wp-content\/uploads\/sites\/3\/2019\/03\/J98B4448-1-150x150.jpg 150w\" sizes=\"auto, (max-width: 650px) 100vw, 650px\" \/>        <\/div>\n        <div class=\"qodef-tours-gim-content-holder\">\n            <div class=\"qodef-tours-gim-content-outer\">\n                <div class=\"qodef-tours-gim-content-inner\">\n                    <div class=\"qodef-gim-title-and-price-holder\">\n                        <h4 class=\"qodef-tour-title\">\n                            Kairo 1 Tag                        <\/h4>\n\t                     \n\t\t<span class=\"qodef-tours-price-holder\">\n\t\t\t\t\t\t\t<span class=\"qodef-tours-item-price \">55\u20ac<\/span>\n\t\t\t\t\t\t\t\t<\/span>\n\n\t\t                    <\/div>\n\t\t                            <\/div>\n            <\/div>\n        <\/div>\n        <a class=\"qodef-tours-masonry-item-link\" href=\"http:\/\/sempre.visions4web.com\/de\/tour-item\/kairo-1-tag\/\"><\/a>\n    <\/div>\n<\/div>\t\t<div class=\"qodef-tours-masonry-item qodef-tours-row-item qodef-item-space qodef-tour-item-no-rating qodef-size-default post-5721 tour-item type-tour-item status-publish has-post-thumbnail hentry tour-category-hurghada-touren tour-category-popular\">\n    <div class=\"qodef-tours-gim-holder-inner\">\n\t            <div class=\"qodef-tours-gim-image\">\n            <img loading=\"lazy\" decoding=\"async\" width=\"650\" height=\"567\" src=\"http:\/\/sempre.visions4web.com\/de\/wp-content\/uploads\/sites\/3\/2019\/02\/J98B2613-650x567.jpg\" class=\"attachment-setsail_select_image_square size-setsail_select_image_square\" alt=\"\" \/>        <\/div>\n        <div class=\"qodef-tours-gim-content-holder\">\n            <div class=\"qodef-tours-gim-content-outer\">\n                <div class=\"qodef-tours-gim-content-inner\">\n                    <div class=\"qodef-gim-title-and-price-holder\">\n                        <h4 class=\"qodef-tour-title\">\n                            City Tour Hurghada                        <\/h4>\n\t                     \n\t\t<span class=\"qodef-tours-price-holder\">\n\t\t\t\t\t\t\t<span class=\"qodef-tours-item-price \">15\u20ac<\/span>\n\t\t\t\t\t\t\t\t<\/span>\n\n\t\t                    <\/div>\n\t\t                            <\/div>\n            <\/div>\n        <\/div>\n        <a class=\"qodef-tours-masonry-item-link\" href=\"http:\/\/sempre.visions4web.com\/de\/tour-item\/city-tour-hurghada\/\"><\/a>\n    <\/div>\n<\/div>\t\t<\/div>\n\n\t\t\n\n\t\t<\/div>[\/vc_column_inner][vc_column_inner width=&#8220;1\/6&#8243;][\/vc_column_inner][\/vc_row_inner][\/vc_column][\/vc_row][vc_row simple_background_color=&#8220;#3fd0d4&#8243; css=&#8220;.vc_custom_1536678050107{padding-top: 40px !important;padding-bottom: 40px !important;}&#8220;][vc_column]<div class=\"qodef-call-to-action-holder  qodef-normal-layout qodef-content-in-grid qodef-three-quarters-columns\">\n\t<div class=\"qodef-cta-inner qodef-grid\">\n\t\t<div class=\"qodef-cta-text-holder\">\n\t\t\t<div class=\"qodef-cta-text\">\n<h4 style=\"color: #fff\">Sie ben\u00f6tigen nur einen Flughafen Transfer?<\/h4>\n<\/div>\n\t\t<\/div>\n\t\t<div class=\"qodef-cta-button-holder\" >\n\t\t\t<div class=\"qodef-cta-button\"><a itemprop=\"url\" href=\"https:\/\/myviptransfer.de\" target=\"_blank\" style=\"color: #222222;background-color: #ffffff\" class=\"qodef-btn qodef-btn-large qodef-btn-solid qodef-btn-custom-hover-bg qodef-btn-custom-hover-color\" data-hover-color=\"#ffffff\" data-hover-bg-color=\"#23a9af\" >    <span class=\"qodef-btn-text\">Unser Transfer<\/span>    <\/a><\/div>\n\t\t<\/div>\n\t<\/div>\n<\/div>[\/vc_column][\/vc_row]<\/p>\n<\/div>","protected":false},"excerpt":{"rendered":"<p>[vc_row content_placement=&#8220;top&#8220; row_content_width=&#8220;grid&#8220;][vc_column offset=&#8220;vc_col-lg-offset-0 vc_col-lg-7 vc_col-md-offset-0 vc_col-md-10 vc_col-sm-offset-0&#8243;][\/vc_column][vc_column offset=&#8220;vc_col-lg-offset-0 vc_col-lg-5 vc_col-md-offset-0 vc_col-md-10 vc_col-sm-offset-0 vc_col-xs-12&#8243;][\/vc_column][\/vc_row][vc_row content_placement=&#8220;top&#8220; row_content_width=&#8220;grid&#8220;][vc_column offset=&#8220;vc_col-lg-offset-0 vc_col-lg-5 vc_col-md-offset-0 vc_col-md-10 vc_col-sm-offset-0&#8243;][\/vc_column][vc_column offset=&#8220;vc_col-lg-offset-0 vc_col-lg-7 vc_col-md-offset-0 vc_col-md-10 vc_col-sm-offset-0 vc_col-xs-12&#8243;][\/vc_column][\/vc_row][vc_row css=&#8220;.vc_custom_1552148605794{margin-bottom: 40px !important;}&#8220;][vc_column css=&#8220;.vc_custom_1552148563959{margin-bottom: 20px !important;}&#8220;][vc_row_inner][vc_column_inner width=&#8220;1\/6&#8243;][\/vc_column_inner][vc_column_inner width=&#8220;2\/3&#8243;][\/vc_column_inner][vc_column_inner width=&#8220;1\/6&#8243;][\/vc_column_inner][\/vc_row_inner][\/vc_column][\/vc_row][vc_row simple_background_color=&#8220;#3fd0d4&#8243; css=&#8220;.vc_custom_1536678050107{padding-top: 40px !important;padding-bottom: [&hellip;]<\/p>\n","protected":false},"author":1,"featured_media":0,"parent":0,"menu_order":0,"comment_status":"closed","ping_status":"closed","template":"full-width.php","meta":{"footnotes":""},"class_list":["post-469","page","type-page","status-publish","hentry"],"_links":{"self":[{"href":"http:\/\/sempre.visions4web.com\/de\/wp-json\/wp\/v2\/pages\/469","targetHints":{"allow":["GET"]}}],"collection":[{"href":"http:\/\/sempre.visions4web.com\/de\/wp-json\/wp\/v2\/pages"}],"about":[{"href":"http:\/\/sempre.visions4web.com\/de\/wp-json\/wp\/v2\/types\/page"}],"author":[{"embeddable":true,"href":"http:\/\/sempre.visions4web.com\/de\/wp-json\/wp\/v2\/users\/1"}],"replies":[{"embeddable":true,"href":"http:\/\/sempre.visions4web.com\/de\/wp-json\/wp\/v2\/comments?post=469"}],"version-history":[{"count":0,"href":"http:\/\/sempre.visions4web.com\/de\/wp-json\/wp\/v2\/pages\/469\/revisions"}],"wp:attachment":[{"href":"http:\/\/sempre.visions4web.com\/de\/wp-json\/wp\/v2\/media?parent=469"}],"curies":[{"name":"wp","href":"https:\/\/api.w.org\/{rel}","templated":true}]}}