{"id":37,"date":"2018-09-06T12:07:21","date_gmt":"2018-09-06T12:07:21","guid":{"rendered":"http:\/\/setsail.select-themes.com\/?page_id=37"},"modified":"2018-09-06T12:07:21","modified_gmt":"2018-09-06T12:07:21","slug":"main-home","status":"publish","type":"page","link":"http:\/\/sempre.visions4web.com\/de\/","title":{"rendered":"Startpage"},"content":{"rendered":"<div class=\"wpb-content-wrapper\"><p>[vc_row row_content_width=&#8220;grid&#8220; css=&#8220;.vc_custom_1540992002315{margin-top: -39px !important;}&#8220; el_class=&#8220;qodef-custom-class-fp&#8220;][vc_column]<div class=\"qodef-tours-filter-holder qodef-tours-filter-horizontal\">\n\t\t\t\n\t\t\t\t\n\t\t<div class=\"qodef-tours-search-filters-holder\">\n\t\t\t\n\t\t\t\t\t\t<form action=\"http:\/\/sempre.visions4web.com\/de\/tours-search-page\/\" method=\"GET\">\n\t\t\t\t<div class=\"qodef-tours-filters-fields-holder\">\n\t\t\t\t\t<div class=\"qodef-tours-filter-field-holder qodef-tours-filter-col\">\n\t\t\t\t\t\t<div class=\"qodef-tours-input-with-icon\">\n\t\t\t\t\t\t\t<span class=\"qodef-tours-input-icon\">\n\t\t\t\t\t\t\t\t<span class=\"icon_compass\"><\/span>\n\t\t\t\t\t\t\t<\/span>\n\t\t\t\t\t\t\t<input type=\"text\" value=\"\" class=\"qodef-tours-destination-search\" name=\"destination\" placeholder=\"Where to?\">\n\t\t\t\t\t\t<\/div>\n\t\t\t\t\t<\/div>\n\t\t\t\t\t\n\t\t\t\t\t<div class=\"qodef-tours-filter-field-holder qodef-tours-filter-col\">\n\t\t\t\t\t\t<div class=\"qodef-tours-input-with-icon\">\n\t\t\t\t\t\t\t<span class=\"qodef-tours-input-icon\">\n\t\t\t\t\t\t\t\t<span class=\"icon_calendar\"><\/span>\n\t\t\t\t\t\t\t<\/span>\n\t\t\t\t\t\t\t<select class=\"qodef-tours-select-placeholder\" name=\"month\">\n\t\t\t\t\t\t\t\t<option value=\"\">Month<\/option>\n\t\t\t\t\t\t\t\t<option value=\"1\">January<\/option>\n\t\t\t\t\t\t\t\t<option value=\"2\">February<\/option>\n\t\t\t\t\t\t\t\t<option value=\"3\">March<\/option>\n\t\t\t\t\t\t\t\t<option value=\"4\">April<\/option>\n\t\t\t\t\t\t\t\t<option value=\"5\">May<\/option>\n\t\t\t\t\t\t\t\t<option value=\"6\">June<\/option>\n\t\t\t\t\t\t\t\t<option value=\"7\">July<\/option>\n\t\t\t\t\t\t\t\t<option value=\"8\">August<\/option>\n\t\t\t\t\t\t\t\t<option value=\"9\">September<\/option>\n\t\t\t\t\t\t\t\t<option value=\"10\">October<\/option>\n\t\t\t\t\t\t\t\t<option value=\"11\">November<\/option>\n\t\t\t\t\t\t\t\t<option value=\"12\">December<\/option>\n\t\t\t\t\t\t\t<\/select>\n\t\t\t\t\t\t<\/div>\n\t\t\t\t\t<\/div>\n\t\t\t\t\t\n\t\t\t\t\t<div class=\"qodef-tours-filter-field-holder qodef-tours-filter-col\">\n\t\t\t\t\t\t<div class=\"qodef-tours-input-with-icon\">\n\t\t\t\t\t\t\t<span class=\"qodef-tours-input-icon\">\n\t\t\t\t\t\t\t\t<span class=\"icon_pushpin\"><\/span>\n\t\t\t\t\t\t\t<\/span>\n\t\t\t\t\t\t\t<select class=\"qodef-tours-select-placeholder\" name=\"type[]\">\n\t\t\t\t\t\t\t\t<option value=\"\">Travel Type<\/option>\n\t\t\t\t\t\t\t\t\t\t\t\t\t\t\t\t\t\t\t\t\t\t\t\t\t\t\t<option value=\"boattrip\">Boot Trip<\/option>\n\t\t\t\t\t\t\t\t\t\t\t\t\t\t\t\t\t\t\t<option value=\"elgouna-touren\">EL Gouna Touren<\/option>\n\t\t\t\t\t\t\t\t\t\t\t\t\t\t\t\t\t\t\t<option value=\"hurghada-touren\">Hurghada Touren<\/option>\n\t\t\t\t\t\t\t\t\t\t\t\t\t\t\t\t\t\t\t<option value=\"kario-touren\">Kairo Touren<\/option>\n\t\t\t\t\t\t\t\t\t\t\t\t\t\t\t\t\t\t\t<option value=\"luxor-touren\">Luxor Touren<\/option>\n\t\t\t\t\t\t\t\t\t\t\t\t\t\t\t\t\t\t\t<option value=\"marsa-alam-ausfluege\">Marsa Alam Ausfl\u00fcge<\/option>\n\t\t\t\t\t\t\t\t\t\t\t\t\t\t\t\t\t\t\t<option value=\"popular\">Popular<\/option>\n\t\t\t\t\t\t\t\t\t\t\t\t\t\t\t\t\t\t\t<option value=\"soma-bay-ausfluege\">Soma Bay Ausfl\u00fcge<\/option>\n\t\t\t\t\t\t\t\t\t\t\t\t\t\t\t\t\t\t\t<option value=\"special-offer\">Spezial Angebot<\/option>\n\t\t\t\t\t\t\t\t\t\t\t\t\t\t\t\t\t\t\t<option value=\"desert\">W\u00fcste<\/option>\n\t\t\t\t\t\t\t\t\t\t\t\t\t\t\t\t\t\t\t\t\t\t\t\t<\/select>\n\t\t\t\t\t\t<\/div>\n\t\t\t\t\t<\/div>\n\n\t\t\t\t\t<div class=\"qodef-tours-filter-field-holder qodef-tours-filter-submit-field-holder qodef-tours-filter-col\">\n\t\t\t\t\t\t\t\t\t\t\t\t\t<input type=\"submit\" name=\"setsail_tours_search_submit\" value=\"FIND NOW\"  class=\"qodef-btn qodef-btn-medium qodef-btn-solid\"  data-searching-label=\"Searching...\" \/>\t\t\t\t\t\t\t\t\t\t\t<\/div>\n\t\t\t\t\t\n\t\t\t\t\t\t\t\t\t<\/div>\n\t\t\t<\/form>\n\t\t<\/div>\n\n\t\t\n\t<\/div>[\/vc_column][\/vc_row][vc_row row_content_width=&#8220;grid&#8220; content_text_aligment=&#8220;center&#8220; css=&#8220;.vc_custom_1540212068471{margin-top: 106px !important;}&#8220;][vc_column offset=&#8220;vc_col-lg-offset-3 vc_col-lg-6 vc_col-md-offset-1 vc_col-md-10&#8243;]<div class=\"qodef-section-title-holder \" >\n\t<div class=\"qodef-st-inner\">\n\t\t\t\t\t<span class=\"qodef-st-tagline\" style=\"margin-bottom: -6px\">\n\t\t\t\tZuverl\u00e4ssig und konkurrenzlos\t\t\t<\/span>\n\t\t\t\t\t\t\t<h1 class=\"qodef-st-title\" >\n\t\t\t\tSempre Travel\t\t\t<\/h1>\n\t\t\t\t\t<\/div>\n<\/div>[vc_empty_space height=&#8220;40px&#8220;][\/vc_column][\/vc_row][vc_row row_content_width=&#8220;grid&#8220;][vc_column][vc_column_text]Sempre Travel \u00c4gypten ist eine f\u00fchrende Agentur f\u00fcr Transfer, Personentransport und Touren ab Hurghada, El Gouna, Marsa Alam.<br \/>\nErleben Sie einen unvergesslichen Tag und buchen Sie noch heute einen Ausflug nach Luxor oder Kairo. M\u00f6chten Sie lieber mehr Abenteuer, dann empfehlen wir eine Quadtour in die W\u00fcste zu den Beduinen, oder wie w\u00e4re es mit einem Segelt\u00f6rn auf einem Katamaran?[\/vc_column_text][\/vc_column][\/vc_row][vc_row row_content_width=&#8220;grid&#8220; css=&#8220;.vc_custom_1537195066067{padding-top: 124px !important;padding-bottom: 123px !important;}&#8220;][vc_column]<div class=\"qodef-elements-holder   qodef-four-columns  qodef-responsive-mode-1024 \" ><div class=\"qodef-eh-item   qodef-horizontal-alignment-center \"  data-item-class=\"qodef-eh-custom-1713\" data-769-1024=\"0 0 48px 0\" data-681-768=\"0 0 48px 0\" data-680=\"0 45px 48px\">\n\t<div class=\"qodef-eh-item-inner\">\n\t\t<div class=\"qodef-eh-item-content qodef-eh-custom-1713\" style=\"padding: 0 45px\">\n\t\t\t<div class=\"qodef-iwt clearfix  qodef-iwt-icon-top qodef-iwt-icon-medium\">\n\t<div class=\"qodef-iwt-icon\">\n\t\t\t\t\t\t\t\t\t<img loading=\"lazy\" decoding=\"async\" width=\"76\" height=\"78\" src=\"http:\/\/sempre.visions4web.com\/de\/wp-content\/uploads\/sites\/3\/2018\/09\/h1-custom-icon-img-1.png\" class=\"attachment-full size-full\" alt=\"a\" \/>\t\t\t\t\t\t<\/div>\n\t<div class=\"qodef-iwt-content\" >\n\t\t\t\t\t<h5 class=\"qodef-iwt-title\" style=\"margin-top: -4px\">\n\t\t\t\t\t\t\t\t<span class=\"qodef-iwt-title-text\">Ausfl\u00fcge<\/span>\n\t\t\t\t\t\t\t<\/h5>\n\t\t\t\t\t\t\t<p class=\"qodef-iwt-text\" >Die besten Ausflugsziele zu Top Preisen.<\/p>\n\t\t\t<\/div>\n<\/div>\t\t<\/div>\n\t<\/div>\n<\/div><div class=\"qodef-eh-item   qodef-horizontal-alignment-center \"  data-item-class=\"qodef-eh-custom-3208\" data-769-1024=\"0 0 48px 0\" data-681-768=\"0 0 48px 0\" data-680=\"0 45px 48px\">\n\t<div class=\"qodef-eh-item-inner\">\n\t\t<div class=\"qodef-eh-item-content qodef-eh-custom-3208\" style=\"padding: 0 45px\">\n\t\t\t<div class=\"qodef-iwt clearfix  qodef-iwt-icon-top qodef-iwt-icon-medium\">\n\t<div class=\"qodef-iwt-icon\">\n\t\t\t\t\t\t\t\t\t<img loading=\"lazy\" decoding=\"async\" width=\"76\" height=\"78\" src=\"http:\/\/sempre.visions4web.com\/de\/wp-content\/uploads\/sites\/3\/2018\/09\/h1-custom-icon-img-2.png\" class=\"attachment-full size-full\" alt=\"a\" \/>\t\t\t\t\t\t<\/div>\n\t<div class=\"qodef-iwt-content\" >\n\t\t\t\t\t<h5 class=\"qodef-iwt-title\" style=\"margin-top: -4px\">\n\t\t\t\t\t\t\t\t<span class=\"qodef-iwt-title-text\">Sehenswertes<\/span>\n\t\t\t\t\t\t\t<\/h5>\n\t\t\t\t\t\t\t<p class=\"qodef-iwt-text\" >Wir zeigen Ihnen das echte \u00c4gypten und nicht nur Postkartenidylle.<\/p>\n\t\t\t<\/div>\n<\/div>\t\t<\/div>\n\t<\/div>\n<\/div><div class=\"qodef-eh-item   qodef-horizontal-alignment-center \"  data-item-class=\"qodef-eh-custom-8448\" data-769-1024=\"0 0 48px 0\" data-681-768=\"0 0 48px 0\" data-680=\"0 45px 48px\">\n\t<div class=\"qodef-eh-item-inner\">\n\t\t<div class=\"qodef-eh-item-content qodef-eh-custom-8448\" style=\"padding: 0 45px\">\n\t\t\t<div class=\"qodef-iwt clearfix  qodef-iwt-icon-top qodef-iwt-icon-medium\">\n\t<div class=\"qodef-iwt-icon\">\n\t\t\t\t\t\t\t\t\t<img loading=\"lazy\" decoding=\"async\" width=\"76\" height=\"78\" src=\"http:\/\/sempre.visions4web.com\/de\/wp-content\/uploads\/sites\/3\/2018\/09\/h1-custom-icon-img-3.png\" class=\"attachment-full size-full\" alt=\"a\" \/>\t\t\t\t\t\t<\/div>\n\t<div class=\"qodef-iwt-content\" >\n\t\t\t\t\t<h5 class=\"qodef-iwt-title\" style=\"margin-top: -4px\">\n\t\t\t\t\t\t\t\t<span class=\"qodef-iwt-title-text\">St\u00e4dte &amp; Orte<\/span>\n\t\t\t\t\t\t\t<\/h5>\n\t\t\t\t\t\t\t<p class=\"qodef-iwt-text\" >Entdecken Sie die sch\u00f6nsten Orte und St\u00e4dte \u00c4gyptens.<\/p>\n\t\t\t<\/div>\n<\/div>\t\t<\/div>\n\t<\/div>\n<\/div><div class=\"qodef-eh-item   qodef-horizontal-alignment-center \"  data-item-class=\"qodef-eh-custom-5230\">\n\t<div class=\"qodef-eh-item-inner\">\n\t\t<div class=\"qodef-eh-item-content qodef-eh-custom-5230\" style=\"padding: 0 45px\">\n\t\t\t<div class=\"qodef-iwt clearfix  qodef-iwt-icon-top qodef-iwt-icon-medium\">\n\t<div class=\"qodef-iwt-icon\">\n\t\t\t\t\t\t\t\t\t<img loading=\"lazy\" decoding=\"async\" width=\"76\" height=\"78\" src=\"http:\/\/sempre.visions4web.com\/de\/wp-content\/uploads\/sites\/3\/2018\/09\/h1-custom-icon-img-4.png\" class=\"attachment-full size-full\" alt=\"a\" \/>\t\t\t\t\t\t<\/div>\n\t<div class=\"qodef-iwt-content\" >\n\t\t\t\t\t<h5 class=\"qodef-iwt-title\" style=\"margin-top: -4px\">\n\t\t\t\t\t\t\t\t<span class=\"qodef-iwt-title-text\">Sicherheit<\/span>\n\t\t\t\t\t\t\t<\/h5>\n\t\t\t\t\t\t\t<p class=\"qodef-iwt-text\" >Ihre Sicherheit und Ihr Wohlbefinden stehen an erster Stelle.<\/p>\n\t\t\t<\/div>\n<\/div>\t\t<\/div>\n\t<\/div>\n<\/div><\/div>[\/vc_column][\/vc_row][vc_row][vc_column][vc_row_inner][vc_column_inner]<div class=\"qodef-tours-destination-holder qodef-destination-standard qodef-grid-list qodef-disable-bottom-space qodef-four-columns qodef-large-space  qodef-has-overlay-style\">\n\t<div class=\"qodef-td-inner qodef-outer-space\">\n\t\t\t\t\t\t\t\t\t<div class=\"qodef-td-item qodef-item-space\">\n\t\t\t\t\t<div class=\"qodef-tdi-content\">\n\t\t\t\t\t\t\t<div class=\"qodef-tdi-image\">\n\t\t\t\t\t\t\t\t<img loading=\"lazy\" decoding=\"async\" width=\"650\" height=\"650\" src=\"http:\/\/sempre.visions4web.com\/de\/wp-content\/uploads\/sites\/3\/2019\/03\/egypt-796425_1920-650x650.jpg\" class=\"attachment-setsail_select_image_square size-setsail_select_image_square wp-post-image\" alt=\"egypt 796425 1920\" srcset=\"http:\/\/sempre.visions4web.com\/de\/wp-content\/uploads\/sites\/3\/2019\/03\/egypt-796425_1920-650x650.jpg 650w, http:\/\/sempre.visions4web.com\/de\/wp-content\/uploads\/sites\/3\/2019\/03\/egypt-796425_1920-150x150.jpg 150w\" sizes=\"auto, (max-width: 650px) 100vw, 650px\" \/>\t\t\t\t\t\t\t<\/div>\n\t\t\t\t\t\t\t<a class=\"qodef-tdi-content-link\" href=\"http:\/\/sempre.visions4web.com\/de\/destinations\/hurghada-touren\/\"><\/a>\n\t\t\t\t\t\t\t\t\t\t\t\t\t\t<div class=\"qodef-tdi-text\">\n\t\t\t\t\t\t\t\t<div class=\"qodef-tdi-text-inner\">\n\t\t\t\t\t\t\t\t\t\t\t\t\t\t\t\t\t<h3 class=\"qodef-tdi-title\">Hurghada Touren<\/h3>\n\t\t\t\t\t\t\t\t\t\t\t\t\t\t\t\t<\/div>\n\t\t\t\t\t\t\t<\/div>\n\t\t\t\t\t<\/div>\n\t\t\t\t<\/div>\n\t\t\t\t\t\t\t\t\t<div class=\"qodef-td-item qodef-item-space\">\n\t\t\t\t\t<div class=\"qodef-tdi-content\">\n\t\t\t\t\t\t\t<div class=\"qodef-tdi-image\">\n\t\t\t\t\t\t\t\t<img loading=\"lazy\" decoding=\"async\" width=\"650\" height=\"650\" src=\"http:\/\/sempre.visions4web.com\/de\/wp-content\/uploads\/sites\/3\/2019\/03\/red-sea-796416_1280-650x650.jpg\" class=\"attachment-setsail_select_image_square size-setsail_select_image_square wp-post-image\" alt=\"red sea 796416 1280\" srcset=\"http:\/\/sempre.visions4web.com\/de\/wp-content\/uploads\/sites\/3\/2019\/03\/red-sea-796416_1280-650x650.jpg 650w, http:\/\/sempre.visions4web.com\/de\/wp-content\/uploads\/sites\/3\/2019\/03\/red-sea-796416_1280-150x150.jpg 150w\" sizes=\"auto, (max-width: 650px) 100vw, 650px\" \/>\t\t\t\t\t\t\t<\/div>\n\t\t\t\t\t\t\t<a class=\"qodef-tdi-content-link\" href=\"http:\/\/sempre.visions4web.com\/de\/destinations\/elgouna-touren\/\"><\/a>\n\t\t\t\t\t\t\t\t\t\t\t\t\t\t<div class=\"qodef-tdi-text\">\n\t\t\t\t\t\t\t\t<div class=\"qodef-tdi-text-inner\">\n\t\t\t\t\t\t\t\t\t\t\t\t\t\t\t\t\t<h3 class=\"qodef-tdi-title\">El Gouna Touren<\/h3>\n\t\t\t\t\t\t\t\t\t\t\t\t\t\t\t\t<\/div>\n\t\t\t\t\t\t\t<\/div>\n\t\t\t\t\t<\/div>\n\t\t\t\t<\/div>\n\t\t\t\t\t\t\t\t\t<div class=\"qodef-td-item qodef-item-space\">\n\t\t\t\t\t<div class=\"qodef-tdi-content\">\n\t\t\t\t\t\t\t<div class=\"qodef-tdi-image\">\n\t\t\t\t\t\t\t\t<img loading=\"lazy\" decoding=\"async\" width=\"650\" height=\"650\" src=\"http:\/\/sempre.visions4web.com\/de\/wp-content\/uploads\/sites\/3\/2019\/03\/relax-1-1349281-650x650.jpg\" class=\"attachment-setsail_select_image_square size-setsail_select_image_square wp-post-image\" alt=\"relax 1 1349281\" srcset=\"http:\/\/sempre.visions4web.com\/de\/wp-content\/uploads\/sites\/3\/2019\/03\/relax-1-1349281-650x650.jpg 650w, http:\/\/sempre.visions4web.com\/de\/wp-content\/uploads\/sites\/3\/2019\/03\/relax-1-1349281-150x150.jpg 150w\" sizes=\"auto, (max-width: 650px) 100vw, 650px\" \/>\t\t\t\t\t\t\t<\/div>\n\t\t\t\t\t\t\t<a class=\"qodef-tdi-content-link\" href=\"http:\/\/sempre.visions4web.com\/de\/destinations\/marsaalam-ausfluege\/\"><\/a>\n\t\t\t\t\t\t\t\t\t\t\t\t\t\t<div class=\"qodef-tdi-text\">\n\t\t\t\t\t\t\t\t<div class=\"qodef-tdi-text-inner\">\n\t\t\t\t\t\t\t\t\t\t\t\t\t\t\t\t\t<h3 class=\"qodef-tdi-title\">Marsa Alam Ausfl\u00fcge<\/h3>\n\t\t\t\t\t\t\t\t\t\t\t\t\t\t\t\t<\/div>\n\t\t\t\t\t\t\t<\/div>\n\t\t\t\t\t<\/div>\n\t\t\t\t<\/div>\n\t\t\t\t\t\t\t\t\t<div class=\"qodef-td-item qodef-item-space\">\n\t\t\t\t\t<div class=\"qodef-tdi-content\">\n\t\t\t\t\t\t\t<div class=\"qodef-tdi-image\">\n\t\t\t\t\t\t\t\t<img loading=\"lazy\" decoding=\"async\" width=\"650\" height=\"650\" src=\"http:\/\/sempre.visions4web.com\/de\/wp-content\/uploads\/sites\/3\/2019\/03\/desert-2423177_1920-650x650.jpg\" class=\"attachment-setsail_select_image_square size-setsail_select_image_square wp-post-image\" alt=\"desert 2423177 1920\" srcset=\"http:\/\/sempre.visions4web.com\/de\/wp-content\/uploads\/sites\/3\/2019\/03\/desert-2423177_1920-650x650.jpg 650w, http:\/\/sempre.visions4web.com\/de\/wp-content\/uploads\/sites\/3\/2019\/03\/desert-2423177_1920-150x150.jpg 150w\" sizes=\"auto, (max-width: 650px) 100vw, 650px\" \/>\t\t\t\t\t\t\t<\/div>\n\t\t\t\t\t\t\t<a class=\"qodef-tdi-content-link\" href=\"http:\/\/sempre.visions4web.com\/de\/destinations\/landausfluege\/\"><\/a>\n\t\t\t\t\t\t\t\t\t\t\t\t\t\t<div class=\"qodef-tdi-text\">\n\t\t\t\t\t\t\t\t<div class=\"qodef-tdi-text-inner\">\n\t\t\t\t\t\t\t\t\t\t\t\t\t\t\t\t\t<h3 class=\"qodef-tdi-title\">Landausfl\u00fcge<\/h3>\n\t\t\t\t\t\t\t\t\t\t\t\t\t\t\t\t<\/div>\n\t\t\t\t\t\t\t<\/div>\n\t\t\t\t\t<\/div>\n\t\t\t\t<\/div>\n\t\t\t<\/div>\n<\/div>[\/vc_column_inner][\/vc_row_inner][\/vc_column][\/vc_row][vc_row content_text_aligment=&#8220;center&#8220; css=&#8220;.vc_custom_1539676941339{padding-top: 56px !important;padding-bottom: 127px !important;}&#8220;][vc_column]<div class=\"qodef-elements-holder   qodef-one-column  qodef-responsive-mode-768 \" ><div class=\"qodef-eh-item    \"  data-item-class=\"qodef-eh-custom-4738\" data-680=\"0 40px\">\n\t<div class=\"qodef-eh-item-inner\">\n\t\t<div class=\"qodef-eh-item-content qodef-eh-custom-4738\" >\n\t\t\t[vc_single_image image=&#8220;5411&#8243; img_size=&#8220;full&#8220; alignment=&#8220;center&#8220; style=&#8220;vc_box_rounded&#8220;]\t\t<\/div>\n\t<\/div>\n<\/div><\/div>[\/vc_column][\/vc_row][vc_row content_placement=&#8220;bottom&#8220; row_content_width=&#8220;grid&#8220; content_text_aligment=&#8220;center&#8220; parallax_background_image=&#8220;5320&#8243;][vc_column][vc_row_inner][vc_column_inner]<div class=\"qodef-elements-holder   qodef-one-column  qodef-responsive-mode-768 \" ><div class=\"qodef-eh-item    \"  data-item-class=\"qodef-eh-custom-7815\" data-1367-1600=\"106px 345px 451px\" data-1025-1366=\"106px 250px 451px\" data-769-1024=\"106px 80px 339px\" data-681-768=\"106px 0 260px 0\" data-680=\"106px 0 117px 0\">\n\t<div class=\"qodef-eh-item-inner\">\n\t\t<div class=\"qodef-eh-item-content qodef-eh-custom-7815\" style=\"padding: 106px 345px 451px\">\n\t\t\t<div class=\"qodef-section-title-holder \" >\n\t<div class=\"qodef-st-inner\">\n\t\t\t\t\t<span class=\"qodef-st-tagline\" style=\"color: #ffffff;margin-bottom: -6px\">\n\t\t\t\tKomm und entdecke\t\t\t<\/span>\n\t\t\t\t\t\t\t<h1 class=\"qodef-st-title\" style=\"color: #ffffff\">\n\t\t\t\tAtemberaubende Ausfl\u00fcge\t\t\t<\/h1>\n\t\t\t\t\t\t\t<p class=\"qodef-st-text\" style=\"color: #ffffff;font-size: 17px;line-height: 28px\">\n\t\t\t\tSempre Travel bietet alle Arten von Ausfl\u00fcgen und Trips in ganz \u00c4gypten an. Geniessen Sie Touren, Transfers und gef\u00fchrte Ausfl\u00fcge zu Bestpreisen.\t\t\t<\/p>\n\t\t\t<\/div>\n<\/div>[vc_empty_space height=&#8220;42px&#8220;]\t\t<\/div>\n\t<\/div>\n<\/div><\/div>[\/vc_column_inner][\/vc_row_inner][\/vc_column][\/vc_row][vc_row row_content_width=&#8220;grid&#8220; css=&#8220;.vc_custom_1549564928577{margin-top: -450px !important;}&#8220;][vc_column]<div class=\"qodef-elements-holder   qodef-one-column  qodef-responsive-mode-768 \" ><div class=\"qodef-eh-item    \"  data-item-class=\"qodef-eh-custom-3825\"  data-769-1024=\"113px 0 0 0\" data-681-768=\"191px 0 0 0\" data-680=\"334px 0 0 0\">\n\t<div class=\"qodef-eh-item-inner\">\n\t\t<div class=\"qodef-eh-item-content qodef-eh-custom-3825\" >\n\t\t\t\t\t<\/div>\n\t<\/div>\n<\/div><\/div>[\/vc_column][\/vc_row][vc_row content_placement=&#8220;middle&#8220; css=&#8220;.vc_custom_1552910164901{padding-top: 40px !important;padding-bottom: 40px !important;}&#8220;][vc_column css=&#8220;.vc_custom_1552906182903{border-radius: 1px !important;}&#8220;][vc_column_text]<\/p>\n<h2 style=\"text-align: center\"><span style=\"color: #ffffff\">Genie\u00dfen Sie eine fantastische Segeltour mit der Ocean Diva!<\/span><\/h2>\n<div style=\"width: 648px;margin: 0 auto;max-width: 100%\">\n<div style=\"width: 648px;\" class=\"wp-video\"><video class=\"wp-video-shortcode\" id=\"video-5618-1\" width=\"648\" height=\"648\" preload=\"metadata\" controls=\"controls\"><source type=\"video\/mp4\" src=\"https:\/\/sempretravelegypt.com\/wp-content\/uploads\/2019\/03\/IMG_6915-1.m4v?_=1\" \/><a href=\"https:\/\/sempretravelegypt.com\/wp-content\/uploads\/2019\/03\/IMG_6915-1.m4v\">https:\/\/sempretravelegypt.com\/wp-content\/uploads\/2019\/03\/IMG_6915-1.m4v<\/a><\/video><\/div>\n<\/div>\n<p>[\/vc_column_text][\/vc_column][\/vc_row][vc_row][vc_column]<div class=\"qodef-call-to-action-holder  qodef-normal-layout qodef-content-in-grid qodef-three-quarters-columns\">\n\t<div class=\"qodef-cta-inner qodef-grid\">\n\t\t<div class=\"qodef-cta-text-holder\">\n\t\t\t<div class=\"qodef-cta-text\">\n<h4 style=\"color: #fff\">Sie ben\u00f6tigen nur einen Flughafen Transfer?<\/h4>\n<\/div>\n\t\t<\/div>\n\t\t<div class=\"qodef-cta-button-holder\" >\n\t\t\t<div class=\"qodef-cta-button\"><a itemprop=\"url\" href=\"https:\/\/myviptransfer.de\" target=\"_blank\" style=\"color: #222222;background-color: #ffffff\" class=\"qodef-btn qodef-btn-large qodef-btn-solid qodef-btn-custom-hover-bg qodef-btn-custom-hover-color\" data-hover-color=\"#ffffff\" data-hover-bg-color=\"#23a9af\" >    <span class=\"qodef-btn-text\">Jetzt Buchen<\/span>    <\/a><\/div>\n\t\t<\/div>\n\t<\/div>\n<\/div>[\/vc_column][\/vc_row]<\/p>\n<\/div>","protected":false},"excerpt":{"rendered":"<p>[vc_row row_content_width=&#8220;grid&#8220; css=&#8220;.vc_custom_1540992002315{margin-top: -39px !important;}&#8220; el_class=&#8220;qodef-custom-class-fp&#8220;][vc_column][\/vc_column][\/vc_row][vc_row row_content_width=&#8220;grid&#8220; content_text_aligment=&#8220;center&#8220; css=&#8220;.vc_custom_1540212068471{margin-top: 106px !important;}&#8220;][vc_column offset=&#8220;vc_col-lg-offset-3 vc_col-lg-6 vc_col-md-offset-1 vc_col-md-10&#8243;][vc_empty_space height=&#8220;40px&#8220;][\/vc_column][\/vc_row][vc_row row_content_width=&#8220;grid&#8220;][vc_column][vc_column_text]Sempre Travel \u00c4gypten ist eine f\u00fchrende Agentur f\u00fcr Transfer, Personentransport und Touren ab Hurghada, El Gouna, Marsa Alam. Erleben Sie einen unvergesslichen Tag und [&hellip;]<\/p>\n","protected":false},"author":1,"featured_media":0,"parent":0,"menu_order":0,"comment_status":"closed","ping_status":"closed","template":"full-width.php","meta":{"footnotes":""},"class_list":["post-37","page","type-page","status-publish","hentry"],"_links":{"self":[{"href":"http:\/\/sempre.visions4web.com\/de\/wp-json\/wp\/v2\/pages\/37","targetHints":{"allow":["GET"]}}],"collection":[{"href":"http:\/\/sempre.visions4web.com\/de\/wp-json\/wp\/v2\/pages"}],"about":[{"href":"http:\/\/sempre.visions4web.com\/de\/wp-json\/wp\/v2\/types\/page"}],"author":[{"embeddable":true,"href":"http:\/\/sempre.visions4web.com\/de\/wp-json\/wp\/v2\/users\/1"}],"replies":[{"embeddable":true,"href":"http:\/\/sempre.visions4web.com\/de\/wp-json\/wp\/v2\/comments?post=37"}],"version-history":[{"count":0,"href":"http:\/\/sempre.visions4web.com\/de\/wp-json\/wp\/v2\/pages\/37\/revisions"}],"wp:attachment":[{"href":"http:\/\/sempre.visions4web.com\/de\/wp-json\/wp\/v2\/media?parent=37"}],"curies":[{"name":"wp","href":"https:\/\/api.w.org\/{rel}","templated":true}]}}